{"id":50,"date":"2023-12-11T12:01:36","date_gmt":"2023-12-11T11:01:36","guid":{"rendered":"http:\/\/francoisbogaerteditions.com\/?post_type=product&#038;p=50"},"modified":"2025-11-18T20:43:55","modified_gmt":"2025-11-18T19:43:55","slug":"musique-au-pied-du-sapin-cor","status":"publish","type":"product","link":"https:\/\/francoisbogaerteditions.com\/?product=musique-au-pied-du-sapin-cor","title":{"rendered":"Musique au pied du sapin &#8211; Cor"},"content":{"rendered":"<p>Musique au pied du sapin &#8211; Cor<\/p>\n<p>Recueil de chansons et d&rsquo;airs traditionnels de No\u00ebl avec accompagnement MP3. Version papier, recueil exp\u00e9di\u00e9 sous 48H.<\/p>\n<p>Retrouvez les accompagnements sur notre chaine youtube : Fran\u00e7ois Bogaert Editions &#8211; Musique au pied du sapin<\/p>\n","protected":false},"excerpt":{"rendered":"<p>Musique au pied du sapin &#8211; Cor Recueil de chansons et d&rsquo;airs traditionnels de No\u00ebl avec accompagnement MP3. Version papier, recueil exp\u00e9di\u00e9 sous 48H. Retrouvez les accompagnements sur notre chaine&hellip; <\/p>\n","protected":false},"featured_media":51,"comment_status":"open","ping_status":"closed","template":"","meta":[],"product_brand":[],"product_cat":[20,22],"product_tag":[],"class_list":{"0":"post-50","1":"product","2":"type-product","3":"status-publish","4":"has-post-thumbnail","6":"product_cat-cor","7":"product_cat-recueil-pedagogique","9":"first","10":"instock","11":"sale","12":"shipping-taxable","13":"purchasable","14":"product-type-simple"},"_links":{"self":[{"href":"https:\/\/francoisbogaerteditions.com\/index.php?rest_route=\/wp\/v2\/product\/50","targetHints":{"allow":["GET"]}}],"collection":[{"href":"https:\/\/francoisbogaerteditions.com\/index.php?rest_route=\/wp\/v2\/product"}],"about":[{"href":"https:\/\/francoisbogaerteditions.com\/index.php?rest_route=\/wp\/v2\/types\/product"}],"replies":[{"embeddable":true,"href":"https:\/\/francoisbogaerteditions.com\/index.php?rest_route=%2Fwp%2Fv2%2Fcomments&post=50"}],"wp:featuredmedia":[{"embeddable":true,"href":"https:\/\/francoisbogaerteditions.com\/index.php?rest_route=\/wp\/v2\/media\/51"}],"wp:attachment":[{"href":"https:\/\/francoisbogaerteditions.com\/index.php?rest_route=%2Fwp%2Fv2%2Fmedia&parent=50"}],"wp:term":[{"taxonomy":"product_brand","embeddable":true,"href":"https:\/\/francoisbogaerteditions.com\/index.php?rest_route=%2Fwp%2Fv2%2Fproduct_brand&post=50"},{"taxonomy":"product_cat","embeddable":true,"href":"https:\/\/francoisbogaerteditions.com\/index.php?rest_route=%2Fwp%2Fv2%2Fproduct_cat&post=50"},{"taxonomy":"product_tag","embeddable":true,"href":"https:\/\/francoisbogaerteditions.com\/index.php?rest_route=%2Fwp%2Fv2%2Fproduct_tag&post=50"}],"curies":[{"name":"wp","href":"https:\/\/api.w.org\/{rel}","templated":true}]}}