{"id":125,"date":"2023-12-12T10:22:59","date_gmt":"2023-12-12T09:22:59","guid":{"rendered":"http:\/\/francoisbogaerteditions.com\/?post_type=product&#038;p=125"},"modified":"2025-05-18T10:31:06","modified_gmt":"2025-05-18T08:31:06","slug":"passerelle-en-cle-de-fa-patrice-antonangelo","status":"publish","type":"product","link":"https:\/\/francoisbogaerteditions.com\/?product=passerelle-en-cle-de-fa-patrice-antonangelo","title":{"rendered":"Passerelle en cl\u00e9 de fa &#8211; Patrice Antonangelo"},"content":{"rendered":"<p>Passerelle en cl\u00e9 de fa &#8211; Patrice Antonangelo<\/p>\n<p>De la FM \u00e0 la pratique instrumentale.<br \/>\nApprentissage des rythmes fr\u00e9quemment rencontr\u00e9s dans les mesures binaires.<br \/>\nM\u00e9thode pratique pour les instruments lisant en cl\u00e9 de fa : Trombone, Tuba, Basson, Violoncelle, Contrebasse.<\/p>\n","protected":false},"excerpt":{"rendered":"<p>Passerelle en cl\u00e9 de fa &#8211; Patrice Antonangelo De la FM \u00e0 la pratique instrumentale. Apprentissage des rythmes fr\u00e9quemment rencontr\u00e9s dans les mesures binaires. M\u00e9thode pratique pour les instruments lisant&hellip; <\/p>\n","protected":false},"featured_media":126,"comment_status":"open","ping_status":"closed","template":"","meta":[],"product_brand":[],"product_cat":[22],"product_tag":[],"class_list":{"0":"post-125","1":"product","2":"type-product","3":"status-publish","4":"has-post-thumbnail","6":"product_cat-recueil-pedagogique","8":"first","9":"instock","10":"shipping-taxable","11":"purchasable","12":"product-type-simple"},"_links":{"self":[{"href":"https:\/\/francoisbogaerteditions.com\/index.php?rest_route=\/wp\/v2\/product\/125","targetHints":{"allow":["GET"]}}],"collection":[{"href":"https:\/\/francoisbogaerteditions.com\/index.php?rest_route=\/wp\/v2\/product"}],"about":[{"href":"https:\/\/francoisbogaerteditions.com\/index.php?rest_route=\/wp\/v2\/types\/product"}],"replies":[{"embeddable":true,"href":"https:\/\/francoisbogaerteditions.com\/index.php?rest_route=%2Fwp%2Fv2%2Fcomments&post=125"}],"wp:featuredmedia":[{"embeddable":true,"href":"https:\/\/francoisbogaerteditions.com\/index.php?rest_route=\/wp\/v2\/media\/126"}],"wp:attachment":[{"href":"https:\/\/francoisbogaerteditions.com\/index.php?rest_route=%2Fwp%2Fv2%2Fmedia&parent=125"}],"wp:term":[{"taxonomy":"product_brand","embeddable":true,"href":"https:\/\/francoisbogaerteditions.com\/index.php?rest_route=%2Fwp%2Fv2%2Fproduct_brand&post=125"},{"taxonomy":"product_cat","embeddable":true,"href":"https:\/\/francoisbogaerteditions.com\/index.php?rest_route=%2Fwp%2Fv2%2Fproduct_cat&post=125"},{"taxonomy":"product_tag","embeddable":true,"href":"https:\/\/francoisbogaerteditions.com\/index.php?rest_route=%2Fwp%2Fv2%2Fproduct_tag&post=125"}],"curies":[{"name":"wp","href":"https:\/\/api.w.org\/{rel}","templated":true}]}}