{"id":117,"date":"2023-12-12T10:16:34","date_gmt":"2023-12-12T09:16:34","guid":{"rendered":"http:\/\/francoisbogaerteditions.com\/?post_type=product&#038;p=117"},"modified":"2025-05-18T10:29:35","modified_gmt":"2025-05-18T08:29:35","slug":"tour-de-piste-pour-corniste-fanny-bogaert","status":"publish","type":"product","link":"https:\/\/francoisbogaerteditions.com\/?product=tour-de-piste-pour-corniste-fanny-bogaert","title":{"rendered":"Tour de Piste pour Corniste &#8211; Fanny Bogaert"},"content":{"rendered":"<p><span style=\"color: #000000;\">Tour de Piste pour Corniste par Fanny Bogaert<\/span><\/p>\n<p><span style=\"color: #000000;\">Exercices d&rsquo;\u00e9chauffements pour les \u00e9l\u00e8ves de 1er cycle imagin\u00e9 par Franck Paque et \u00e9crit par Fanny Bogaert.<\/span><\/p>\n<p><span style=\"color: #000000;\">Ce premier cahier d&rsquo;exercices a pour but de d\u00e9finir quels sont les objectifs de technique instrumentale \u00e0 acqu\u00e9rir durant le premier cycle.<\/span><\/p>\n<p><span style=\"color: #000000;\">Recueil de 24 pages en format A4.<\/span><\/p>\n","protected":false},"excerpt":{"rendered":"<p>Tour de Piste pour Corniste par Fanny Bogaert Exercices d&rsquo;\u00e9chauffements pour les \u00e9l\u00e8ves de 1er cycle imagin\u00e9 par Franck Paque et \u00e9crit par Fanny Bogaert. Ce premier cahier d&rsquo;exercices a&hellip; <\/p>\n","protected":false},"featured_media":119,"comment_status":"open","ping_status":"closed","template":"","meta":[],"product_brand":[],"product_cat":[20,22],"product_tag":[],"class_list":{"0":"post-117","1":"product","2":"type-product","3":"status-publish","4":"has-post-thumbnail","6":"product_cat-cor","7":"product_cat-recueil-pedagogique","9":"first","10":"instock","11":"shipping-taxable","12":"purchasable","13":"product-type-simple"},"_links":{"self":[{"href":"https:\/\/francoisbogaerteditions.com\/index.php?rest_route=\/wp\/v2\/product\/117","targetHints":{"allow":["GET"]}}],"collection":[{"href":"https:\/\/francoisbogaerteditions.com\/index.php?rest_route=\/wp\/v2\/product"}],"about":[{"href":"https:\/\/francoisbogaerteditions.com\/index.php?rest_route=\/wp\/v2\/types\/product"}],"replies":[{"embeddable":true,"href":"https:\/\/francoisbogaerteditions.com\/index.php?rest_route=%2Fwp%2Fv2%2Fcomments&post=117"}],"wp:featuredmedia":[{"embeddable":true,"href":"https:\/\/francoisbogaerteditions.com\/index.php?rest_route=\/wp\/v2\/media\/119"}],"wp:attachment":[{"href":"https:\/\/francoisbogaerteditions.com\/index.php?rest_route=%2Fwp%2Fv2%2Fmedia&parent=117"}],"wp:term":[{"taxonomy":"product_brand","embeddable":true,"href":"https:\/\/francoisbogaerteditions.com\/index.php?rest_route=%2Fwp%2Fv2%2Fproduct_brand&post=117"},{"taxonomy":"product_cat","embeddable":true,"href":"https:\/\/francoisbogaerteditions.com\/index.php?rest_route=%2Fwp%2Fv2%2Fproduct_cat&post=117"},{"taxonomy":"product_tag","embeddable":true,"href":"https:\/\/francoisbogaerteditions.com\/index.php?rest_route=%2Fwp%2Fv2%2Fproduct_tag&post=117"}],"curies":[{"name":"wp","href":"https:\/\/api.w.org\/{rel}","templated":true}]}}